{"id":41,"date":"2026-01-08T14:40:39","date_gmt":"2026-01-08T14:40:39","guid":{"rendered":"https:\/\/lumohoiva.fi\/?page_id=41"},"modified":"2026-01-08T14:41:06","modified_gmt":"2026-01-08T14:41:06","slug":"yhteystiedot","status":"publish","type":"page","link":"https:\/\/lumohoiva.fi\/?page_id=41","title":{"rendered":"Yhteystiedot"},"content":{"rendered":"\n<p>Ota yhteytt\u00e4 niin sovitaan maksuton arviointik\u00e4ynti, jossa m\u00e4\u00e4rit\u00e4mme juuri sinun tarpeisiisi sopivat palvelukokonaisuudet.<\/p>\n\n\n\n<p><\/p>\n\n\n\n<figure class=\"wp-block-image size-full is-resized\"><img loading=\"lazy\" decoding=\"async\" width=\"403\" height=\"417\" src=\"https:\/\/lumohoiva.fi\/wp-content\/uploads\/2026\/01\/lumohoiva-logo-1-1.png\" alt=\"\" class=\"wp-image-9\" style=\"width:308px;height:auto\" srcset=\"https:\/\/lumohoiva.fi\/wp-content\/uploads\/2026\/01\/lumohoiva-logo-1-1.png 403w, https:\/\/lumohoiva.fi\/wp-content\/uploads\/2026\/01\/lumohoiva-logo-1-1-290x300.png 290w\" sizes=\"auto, (max-width: 403px) 100vw, 403px\" \/><\/figure>\n\n\n\n<p><\/p>\n\n\n\n<p><\/p>\n\n\n\n<div class=\"wp-block-group alignfull has-global-padding is-layout-constrained wp-block-group-is-layout-constrained\" style=\"margin-top:0;margin-bottom:0;padding-top:var(--wp--preset--spacing--50);padding-bottom:var(--wp--preset--spacing--50)\">\n<div class=\"wp-block-group alignwide has-global-padding is-layout-constrained wp-block-group-is-layout-constrained\">\n<h2 class=\"wp-block-heading alignfull has-text-align-left has-xx-large-font-size\">Miten saan yhteyden?<\/h2>\n<\/div>\n<\/div>\n\n\n\n<p><\/p>\n\n\n\n<div class=\"wp-block-group alignfull has-global-padding is-layout-constrained wp-block-group-is-layout-constrained\" style=\"margin-top:0;margin-bottom:0;padding-top:var(--wp--preset--spacing--50);padding-bottom:var(--wp--preset--spacing--50)\">\n<p>S\u00e4hk\u00f6posti: lumohoivapalvelut@outlook.com<\/p>\n\n\n\n<p>puhelin: 045 783 877 07<\/p>\n\n\n\n<p>instagram: lumohoiva<\/p>\n\n\n\n<p>facebook: Lumohoiva<\/p>\n<\/div>\n\n\n\n<p><strong>Yrityksen muut yhteystiedot:<\/strong><\/p>\n\n\n\n<p>osoite: Hikivuorenkatu 14 33720 Tampere<\/p>\n\n\n\n<p>Y-tunnus 3403524-4 (Lumopihat)<\/p>\n\n\n\n<p><\/p>\n","protected":false},"excerpt":{"rendered":"<p>Ota yhteytt\u00e4 niin sovitaan maksuton arviointik\u00e4ynti, jossa m\u00e4\u00e4rit\u00e4mme juuri sinun tarpeisiisi sopivat palvelukokonaisuudet. Miten saan yhteyden? S\u00e4hk\u00f6posti: lumohoivapalvelut@outlook.com puhelin: 045 783 877 07 instagram: lumohoiva facebook: Lumohoiva Yrityksen muut yhteystiedot: osoite: Hikivuorenkatu 14 33720 Tampere Y-tunnus 3403524-4 (Lumopihat)<\/p>\n","protected":false},"author":1,"featured_media":0,"parent":0,"menu_order":1,"comment_status":"closed","ping_status":"closed","template":"","meta":{"footnotes":""},"class_list":["post-41","page","type-page","status-publish","hentry"],"_links":{"self":[{"href":"https:\/\/lumohoiva.fi\/index.php?rest_route=\/wp\/v2\/pages\/41","targetHints":{"allow":["GET"]}}],"collection":[{"href":"https:\/\/lumohoiva.fi\/index.php?rest_route=\/wp\/v2\/pages"}],"about":[{"href":"https:\/\/lumohoiva.fi\/index.php?rest_route=\/wp\/v2\/types\/page"}],"author":[{"embeddable":true,"href":"https:\/\/lumohoiva.fi\/index.php?rest_route=\/wp\/v2\/users\/1"}],"replies":[{"embeddable":true,"href":"https:\/\/lumohoiva.fi\/index.php?rest_route=%2Fwp%2Fv2%2Fcomments&post=41"}],"version-history":[{"count":1,"href":"https:\/\/lumohoiva.fi\/index.php?rest_route=\/wp\/v2\/pages\/41\/revisions"}],"predecessor-version":[{"id":42,"href":"https:\/\/lumohoiva.fi\/index.php?rest_route=\/wp\/v2\/pages\/41\/revisions\/42"}],"wp:attachment":[{"href":"https:\/\/lumohoiva.fi\/index.php?rest_route=%2Fwp%2Fv2%2Fmedia&parent=41"}],"curies":[{"name":"wp","href":"https:\/\/api.w.org\/{rel}","templated":true}]}}