{"id":13,"date":"2026-01-08T10:28:04","date_gmt":"2026-01-08T10:28:04","guid":{"rendered":"https:\/\/lumohoiva.fi\/?page_id=13"},"modified":"2026-01-08T13:54:10","modified_gmt":"2026-01-08T13:54:10","slug":"palvelut-ja-hinnasto","status":"publish","type":"page","link":"https:\/\/lumohoiva.fi\/?page_id=13","title":{"rendered":"Palvelut ja hinnasto"},"content":{"rendered":"\n<p>Lumohoiva on Soteriin eli sosiaali- ja terveyspalveluiden palveluntuottajien rekisteriin rekister\u00f6itynyt yritys, jolloin terveyspalvelut ja niiden tukipalveluiksi katsottavat sosiaalipalvelut, kuten kotisiivous myyd\u00e4\u00e4n ALV 0% &#8211; verokannalla.  Palvelut r\u00e4\u00e4t\u00e4l\u00f6id\u00e4\u00e4n yksil\u00f6llisesti asiakkaan tarpeiden mukaisesti.<\/p>\n\n\n\n<p><strong>Ulkoiluavut<\/strong>      <strong>42 \u20ac\/h<\/strong><\/p>\n\n\n\n<p>Turvallista ulkoilua asiakkaan omassa l\u00e4hiymp\u00e4rist\u00f6ss\u00e4, juuri niin kauan ja pitk\u00e4n reitin kuin asiakas toivoo ja on asiakkaan terveydentila huomioiden kohtuullista. Py\u00f6r\u00e4tuoli, rollaattori tai k\u00e4velysauvat; otetaan mukaan jos tarpeen.<\/p>\n\n\n\n<p><strong>Peseytymisen avut        45 \u20ac\/h<\/strong><\/p>\n\n\n\n<p>Apua peseytymiseen suihkussa tai vaikka saunan l\u00e4mmitykseen, samalla onnistuu esimerkiksi lakanoiden vaihto ja kylpyhuoneen pesu. <\/p>\n\n\n\n<p><strong>Kotisiivous       45\u20ac\/h<\/strong><\/p>\n\n\n\n<p>Perinteinen kotisiivous; p\u00f6lyjen pyyhint\u00e4, imurointi, mattojen tuuletus ja tomutus, lattioiden pesu, sek\u00e4 keitti\u00f6n ja kylpyhuoneen siivous. My\u00f6s ikkunoiden pesu onnistuu. <\/p>\n\n\n\n<p><strong>Sairaanhoitajan kotik\u00e4ynti      50 \u20ac\/h<\/strong><\/p>\n\n\n\n<p>Sairaanhoitajan kotik\u00e4yntiin voi sis\u00e4lty\u00e4 asiakkaan tarpeiden mukaisesti esimerkiksi;<\/p>\n\n\n\n<ul class=\"wp-block-list\">\n<li>terveydentilan arviointia (peruselintoimintojen mittaukset)<\/li>\n\n\n\n<li>haavanhoitoa (ei-vaativaa haavanhoitoa)<\/li>\n\n\n\n<li>n\u00e4ytteiden ottoa (t\u00e4ss\u00e4 on poikkeuksia, kysy lis\u00e4\u00e4)<\/li>\n\n\n\n<li>digitaalisessa terveysasioimisessa avustamista<\/li>\n\n\n\n<li>saattoa l\u00e4\u00e4k\u00e4rik\u00e4ynneille<\/li>\n\n\n\n<li>apteekkik\u00e4ynnit asiakkaan puolesta tai seurassa<\/li>\n\n\n\n<li>l\u00e4\u00e4kkenjakopalvelua (kts. alempaa)<\/li>\n<\/ul>\n\n\n\n<p><strong>L\u00e4\u00e4kkeenjakopalvelu      27 \u20ac\/dosetti\/jakokerta<\/strong><\/p>\n\n\n\n<p><strong>L\u00e4\u00e4kkeenjakopalvelu      35 \u20ac\/2 dosettia\/jakokerta<\/strong><\/p>\n\n\n\n<p><\/p>\n","protected":false},"excerpt":{"rendered":"<p>Lumohoiva on Soteriin eli sosiaali- ja terveyspalveluiden palveluntuottajien rekisteriin rekister\u00f6itynyt yritys, jolloin terveyspalvelut ja niiden tukipalveluiksi katsottavat sosiaalipalvelut, kuten kotisiivous myyd\u00e4\u00e4n ALV 0% &#8211; verokannalla. Palvelut r\u00e4\u00e4t\u00e4l\u00f6id\u00e4\u00e4n yksil\u00f6llisesti asiakkaan tarpeiden mukaisesti. Ulkoiluavut 42 \u20ac\/h Turvallista ulkoilua asiakkaan omassa l\u00e4hiymp\u00e4rist\u00f6ss\u00e4, juuri niin kauan ja pitk\u00e4n reitin kuin asiakas toivoo ja on asiakkaan terveydentila huomioiden kohtuullista. Py\u00f6r\u00e4tuoli, [&hellip;]<\/p>\n","protected":false},"author":1,"featured_media":0,"parent":0,"menu_order":0,"comment_status":"closed","ping_status":"closed","template":"","meta":{"footnotes":""},"class_list":["post-13","page","type-page","status-publish","hentry"],"_links":{"self":[{"href":"https:\/\/lumohoiva.fi\/index.php?rest_route=\/wp\/v2\/pages\/13","targetHints":{"allow":["GET"]}}],"collection":[{"href":"https:\/\/lumohoiva.fi\/index.php?rest_route=\/wp\/v2\/pages"}],"about":[{"href":"https:\/\/lumohoiva.fi\/index.php?rest_route=\/wp\/v2\/types\/page"}],"author":[{"embeddable":true,"href":"https:\/\/lumohoiva.fi\/index.php?rest_route=\/wp\/v2\/users\/1"}],"replies":[{"embeddable":true,"href":"https:\/\/lumohoiva.fi\/index.php?rest_route=%2Fwp%2Fv2%2Fcomments&post=13"}],"version-history":[{"count":1,"href":"https:\/\/lumohoiva.fi\/index.php?rest_route=\/wp\/v2\/pages\/13\/revisions"}],"predecessor-version":[{"id":14,"href":"https:\/\/lumohoiva.fi\/index.php?rest_route=\/wp\/v2\/pages\/13\/revisions\/14"}],"wp:attachment":[{"href":"https:\/\/lumohoiva.fi\/index.php?rest_route=%2Fwp%2Fv2%2Fmedia&parent=13"}],"curies":[{"name":"wp","href":"https:\/\/api.w.org\/{rel}","templated":true}]}}